{"id":992045,"date":"2026-04-21T06:12:35","date_gmt":"2026-04-21T06:12:35","guid":{"rendered":"https:\/\/quiropractica1.com\/?page_id=992045"},"modified":"2026-04-24T04:57:16","modified_gmt":"2026-04-24T04:57:16","slug":"politica-de-cookies","status":"publish","type":"page","link":"https:\/\/quiropractica1.com\/en\/politica-de-cookies\/","title":{"rendered":"Cookie Policy"},"content":{"rendered":"<div data-elementor-type=\"wp-page\" data-elementor-id=\"992045\" class=\"elementor elementor-992045\" data-elementor-post-type=\"page\">\n\t\t\t\t<div class=\"elementor-element elementor-element-ad7bb7e e-con-full e-flex e-con e-parent\" data-id=\"ad7bb7e\" data-element_type=\"container\" data-e-type=\"container\" data-settings=\"{&quot;background_background&quot;:&quot;gradient&quot;}\">\n\t\t<div class=\"elementor-element elementor-element-49d2618 e-con-full e-flex e-con e-child\" data-id=\"49d2618\" data-element_type=\"container\" data-e-type=\"container\">\n\t\t\t\t<div class=\"elementor-element elementor-element-dc08b48 elementor-invisible elementor-widget-tablet__width-inherit animated-fast elementor-widget elementor-widget-heading\" data-id=\"dc08b48\" data-element_type=\"widget\" data-e-type=\"widget\" data-settings=\"{&quot;_animation&quot;:&quot;slideInUp&quot;,&quot;_animation_delay&quot;:100}\" data-widget_type=\"heading.default\">\n\t\t\t\t<div class=\"elementor-widget-container\">\n\t\t\t\t\t<h1 class=\"elementor-heading-title elementor-size-default\">Cookie Policy<\/h1>\t\t\t\t<\/div>\n\t\t\t\t<\/div>\n\t\t\t\t<\/div>\n\t\t\t\t<\/div>\n\t\t<div class=\"elementor-element elementor-element-8c3d15c e-con-full e-flex e-con e-parent\" data-id=\"8c3d15c\" data-element_type=\"container\" data-e-type=\"container\">\n\t\t<div class=\"elementor-element elementor-element-cc3605b e-con-full e-flex e-con e-child\" data-id=\"cc3605b\" data-element_type=\"container\" data-e-type=\"container\">\n\t\t\t\t<div class=\"vamtam-has-theme-widget-styles elementor-element elementor-element-1d1d1da elementor-widget elementor-widget-text-editor\" data-id=\"1d1d1da\" data-element_type=\"widget\" data-e-type=\"widget\" data-widget_type=\"text-editor.default\">\n\t\t\t\t<div class=\"elementor-widget-container\">\n\t\t\t\t\t\t\t\t\t<p><strong>Uso de cookies en sitios web de QUIROPR\u00c1CTICA1<\/strong><\/p><p><strong>\u00bfQu\u00e9 son las cookies?<\/strong><\/p><p>Una \u201ccookie\u201d es un archivo de texto que los sitios web env\u00edan a la computadora u otro dispositivo conectado a Internet de un visitante para identificar de manera \u00fanica el navegador del visitante o para almacenar informaci\u00f3n o configuraciones en el navegador.<\/p><p><strong>\u00bfQUIROPR\u00c1CTICA1 utiliza cookies en sus sitios web?<\/strong><\/p><p>S\u00ed. QUIROPR\u00c1CTICA1 utiliza cookies en sus sitios web para mejorar el sitio web y brindar servicios y funcionalidad a sus usuarios. Usted puede restringir o deshabilitar el uso de cookies a trav\u00e9s de su navegador. Sin embargo, sin cookies, es posible que no pueda utilizar todas las funciones de los sitios web.<\/p><p><strong>\u00bfQu\u00e9 tipos de cookies se utilizan en los sitios web de QUIROPR\u00c1CTICA1?<\/strong><\/p><p><strong>Cookies estrictamente necesarias<\/strong><\/p><p>Estas cookies son esenciales para llevar a cabo una transacci\u00f3n o solicitud iniciada por usted, como por ejemplo recordar informaci\u00f3n que usted haya proporcionado al navegar por el sitio y administrar su estado de conexi\u00f3n durante la sesi\u00f3n.<\/p><p><strong>Cookies anal\u00edticas<\/strong><\/p><p>Estas cookies nos permiten recolectar datos relacionados con el uso que usted hace del sitio web, incluido el contenido en el cual usted hace clic mientras navega por el sitio web, para mejorar el rendimiento y dise\u00f1o del sitio web. Estas cookies pueden ser proporcionadas por nuestro proveedor externo de herramientas anal\u00edticas, pero se utilizan \u00fanicamente para los fines relacionados con nuestros sitios web.<\/p><p><strong>Cookies de destinatarios<\/strong><\/p><p>Estas cookies recuerdan informaci\u00f3n relacionada con el uso que usted hace del sitio web para que podamos brindarle servicios de informaci\u00f3n promocional y otros tipos de informaci\u00f3n para el destinatario en nuestro sitio web.<\/p><p><strong>Aceptaci\u00f3n de la Pol\u00edtica de Cookies<\/strong><\/p><p>Desde QUIROPR\u00c1CTICA1 asumimos que mediante la navegaci\u00f3n a trav\u00e9s del sitio web usted acepta el uso de cookies. No obstante, mostramos informaci\u00f3n sobre el uso de cookies en la parte superior de cualquier p\u00e1gina del portal con cada inicio de sesi\u00f3n y mantenemos un link a nuestra pol\u00edtica de cookies en el pie de p\u00e1gina de las web con el objeto de que usted sea consciente del uso que hacemos de las cookies.<\/p><p><strong>\u00bfC\u00f3mo deshabilito o elimino las cookies?<\/strong><\/p><p>Cada tipo de navegador web ofrece formas de restringir o eliminar cookies. Para obtener m\u00e1s informaci\u00f3n sobre c\u00f3mo administrar cookies, visite el enlace correspondiente a continuaci\u00f3n.<\/p><ul><li><strong><a href=\"http:\/\/windows.microsoft.com\/en-GB\/windows7\/How-to-manage-cookies-in-Internet-Explorer-9\">Internet Explorer<\/a><\/strong><\/li><li><strong><a href=\"http:\/\/support.mozilla.org\/en-US\/kb\/cookies-information-websites-store-on-your-computer?redirectlocale=en-US&amp;redirectslug=Cookies\">Firefox<\/a><\/strong><\/li><li><strong><a href=\"https:\/\/support.google.com\/chrome\/answer\/95647?hl=es\">Google Chrome<\/a><\/strong><\/li><li><strong><a href=\"http:\/\/support.apple.com\/kb\/PH5042\">Safari<\/a><\/strong><\/li><\/ul>\t\t\t\t\t\t\t\t<\/div>\n\t\t\t\t<\/div>\n\t\t\t\t<\/div>\n\t\t\t\t<\/div>\n\t\t\t\t<\/div>","protected":false},"excerpt":{"rendered":"<p>Pol\u00edtica de cookies Uso de cookies en sitios web de QUIROPR\u00c1CTICA1 \u00bfQu\u00e9 son las cookies? Una \u201ccookie\u201d es un archivo de texto que los sitios web env\u00edan a la computadora u otro dispositivo conectado a Internet de un visitante para identificar de manera \u00fanica el navegador del visitante o para almacenar informaci\u00f3n o configuraciones en&#8230;<\/p>","protected":false},"author":3,"featured_media":994429,"parent":0,"menu_order":0,"comment_status":"closed","ping_status":"closed","template":"elementor_header_footer","meta":{"_acf_changed":false,"footnotes":""},"class_list":["post-992045","page","type-page","status-publish","has-post-thumbnail","hentry"],"acf":[],"yoast_head":"<!-- This site is optimized with the Yoast SEO plugin v27.5 - https:\/\/yoast.com\/product\/yoast-seo-wordpress\/ -->\n<title>Pol\u00edtica de cookies - Centre Chiropractic Dr. Marc Bony, DC.<\/title>\n<meta name=\"description\" content=\"Consulta la pol\u00edtica de cookies de Centre Chiropractic Dr. Marc Bony, DC. y conoce c\u00f3mo protegemos tu privacidad y manejamos los datos en nuestro sitio web.\" \/>\n<meta name=\"robots\" content=\"index, follow, max-snippet:-1, max-image-preview:large, max-video-preview:-1\" \/>\n<link rel=\"canonical\" href=\"https:\/\/quiropractica1.com\/en\/politica-de-cookies\/\" \/>\n<meta property=\"og:locale\" content=\"en_US\" \/>\n<meta property=\"og:type\" content=\"article\" \/>\n<meta property=\"og:title\" content=\"Pol\u00edtica de cookies - Centre Chiropractic Dr. Marc Bony, DC.\" \/>\n<meta property=\"og:description\" content=\"Consulta la pol\u00edtica de cookies de Centre Chiropractic Dr. Marc Bony, DC. y conoce c\u00f3mo protegemos tu privacidad y manejamos los datos en nuestro sitio web.\" \/>\n<meta property=\"og:url\" content=\"https:\/\/quiropractica1.com\/en\/politica-de-cookies\/\" \/>\n<meta property=\"og:site_name\" content=\"Centre Chiropractic Dr. Marc Bony, DC.\" \/>\n<meta property=\"article:publisher\" content=\"https:\/\/www.facebook.com\/chiropractic.dr.marcbony\/\" \/>\n<meta property=\"article:modified_time\" content=\"2026-04-24T04:57:16+00:00\" \/>\n<meta property=\"og:image\" content=\"https:\/\/quiropractica1.com\/wp-content\/uploads\/2026\/04\/fav-icon.webp\" \/>\n\t<meta property=\"og:image:width\" content=\"512\" \/>\n\t<meta property=\"og:image:height\" content=\"512\" \/>\n\t<meta property=\"og:image:type\" content=\"image\/webp\" \/>\n<script type=\"application\/ld+json\" class=\"yoast-schema-graph\">{\"@context\":\"https:\\\/\\\/schema.org\",\"@graph\":[{\"@type\":\"WebPage\",\"@id\":\"https:\\\/\\\/quiropractica1.com\\\/politica-de-cookies\\\/\",\"url\":\"https:\\\/\\\/quiropractica1.com\\\/politica-de-cookies\\\/\",\"name\":\"Pol\u00edtica de cookies - Centre Chiropractic Dr. Marc Bony, DC.\",\"isPartOf\":{\"@id\":\"https:\\\/\\\/quiropractica1.com\\\/#website\"},\"primaryImageOfPage\":{\"@id\":\"https:\\\/\\\/quiropractica1.com\\\/politica-de-cookies\\\/#primaryimage\"},\"image\":{\"@id\":\"https:\\\/\\\/quiropractica1.com\\\/politica-de-cookies\\\/#primaryimage\"},\"thumbnailUrl\":\"https:\\\/\\\/quiropractica1.com\\\/wp-content\\\/uploads\\\/2026\\\/04\\\/fav-icon.webp\",\"datePublished\":\"2026-04-21T06:12:35+00:00\",\"dateModified\":\"2026-04-24T04:57:16+00:00\",\"description\":\"Consulta la pol\u00edtica de cookies de Centre Chiropractic Dr. Marc Bony, DC. y conoce c\u00f3mo protegemos tu privacidad y manejamos los datos en nuestro sitio web.\",\"breadcrumb\":{\"@id\":\"https:\\\/\\\/quiropractica1.com\\\/politica-de-cookies\\\/#breadcrumb\"},\"inLanguage\":\"en-US\",\"potentialAction\":[{\"@type\":\"ReadAction\",\"target\":[\"https:\\\/\\\/quiropractica1.com\\\/politica-de-cookies\\\/\"]}]},{\"@type\":\"ImageObject\",\"inLanguage\":\"en-US\",\"@id\":\"https:\\\/\\\/quiropractica1.com\\\/politica-de-cookies\\\/#primaryimage\",\"url\":\"https:\\\/\\\/quiropractica1.com\\\/wp-content\\\/uploads\\\/2026\\\/04\\\/fav-icon.webp\",\"contentUrl\":\"https:\\\/\\\/quiropractica1.com\\\/wp-content\\\/uploads\\\/2026\\\/04\\\/fav-icon.webp\",\"width\":512,\"height\":512},{\"@type\":\"BreadcrumbList\",\"@id\":\"https:\\\/\\\/quiropractica1.com\\\/politica-de-cookies\\\/#breadcrumb\",\"itemListElement\":[{\"@type\":\"ListItem\",\"position\":1,\"name\":\"Portada\",\"item\":\"https:\\\/\\\/quiropractica1.com\\\/\"},{\"@type\":\"ListItem\",\"position\":2,\"name\":\"Pol\u00edtica de cookies\"}]},{\"@type\":\"WebSite\",\"@id\":\"https:\\\/\\\/quiropractica1.com\\\/#website\",\"url\":\"https:\\\/\\\/quiropractica1.com\\\/\",\"name\":\"Centre Chiropractic Dr. Marc Bony, DC.\",\"description\":\"Quiropr\u00e1ctico en Matar\u00f3 - Dr. Marc Bony, DC.\",\"publisher\":{\"@id\":\"https:\\\/\\\/quiropractica1.com\\\/#organization\"},\"potentialAction\":[{\"@type\":\"SearchAction\",\"target\":{\"@type\":\"EntryPoint\",\"urlTemplate\":\"https:\\\/\\\/quiropractica1.com\\\/?s={search_term_string}\"},\"query-input\":{\"@type\":\"PropertyValueSpecification\",\"valueRequired\":true,\"valueName\":\"search_term_string\"}}],\"inLanguage\":\"en-US\"},{\"@type\":\"Organization\",\"@id\":\"https:\\\/\\\/quiropractica1.com\\\/#organization\",\"name\":\"Centre Chiropractic Dr. Marc Bony, DC.\",\"url\":\"https:\\\/\\\/quiropractica1.com\\\/\",\"logo\":{\"@type\":\"ImageObject\",\"inLanguage\":\"en-US\",\"@id\":\"https:\\\/\\\/quiropractica1.com\\\/#\\\/schema\\\/logo\\\/image\\\/\",\"url\":\"https:\\\/\\\/quiropractica1.com\\\/wp-content\\\/uploads\\\/2025\\\/03\\\/fav-icon.webp\",\"contentUrl\":\"https:\\\/\\\/quiropractica1.com\\\/wp-content\\\/uploads\\\/2025\\\/03\\\/fav-icon.webp\",\"width\":512,\"height\":512,\"caption\":\"Centre Chiropractic Dr. Marc Bony, DC.\"},\"image\":{\"@id\":\"https:\\\/\\\/quiropractica1.com\\\/#\\\/schema\\\/logo\\\/image\\\/\"},\"sameAs\":[\"https:\\\/\\\/www.facebook.com\\\/chiropractic.dr.marcbony\\\/\",\"https:\\\/\\\/www.instagram.com\\\/centrechiropractic\\\/\",\"https:\\\/\\\/api.whatsapp.com\\\/send\\\/?phone=34695690085\",\"https:\\\/\\\/www.youtube.com\\\/channel\\\/UC6SVcZglyyYxbqJgoBhDqoQ\",\"https:\\\/\\\/www.tiktok.com\\\/@quiropracticmarcbony\"]}]}<\/script>\n<!-- \/ Yoast SEO plugin. -->","yoast_head_json":{"title":"Pol\u00edtica de cookies - Centre Chiropractic Dr. Marc Bony, DC.","description":"Consulta la pol\u00edtica de cookies de Centre Chiropractic Dr. Marc Bony, DC. y conoce c\u00f3mo protegemos tu privacidad y manejamos los datos en nuestro sitio web.","robots":{"index":"index","follow":"follow","max-snippet":"max-snippet:-1","max-image-preview":"max-image-preview:large","max-video-preview":"max-video-preview:-1"},"canonical":"https:\/\/quiropractica1.com\/en\/politica-de-cookies\/","og_locale":"en_US","og_type":"article","og_title":"Pol\u00edtica de cookies - Centre Chiropractic Dr. Marc Bony, DC.","og_description":"Consulta la pol\u00edtica de cookies de Centre Chiropractic Dr. Marc Bony, DC. y conoce c\u00f3mo protegemos tu privacidad y manejamos los datos en nuestro sitio web.","og_url":"https:\/\/quiropractica1.com\/en\/politica-de-cookies\/","og_site_name":"Centre Chiropractic Dr. Marc Bony, DC.","article_publisher":"https:\/\/www.facebook.com\/chiropractic.dr.marcbony\/","article_modified_time":"2026-04-24T04:57:16+00:00","og_image":[{"width":512,"height":512,"url":"https:\/\/quiropractica1.com\/wp-content\/uploads\/2026\/04\/fav-icon.webp","type":"image\/webp"}],"schema":{"@context":"https:\/\/schema.org","@graph":[{"@type":"WebPage","@id":"https:\/\/quiropractica1.com\/politica-de-cookies\/","url":"https:\/\/quiropractica1.com\/politica-de-cookies\/","name":"Pol\u00edtica de cookies - Centre Chiropractic Dr. Marc Bony, DC.","isPartOf":{"@id":"https:\/\/quiropractica1.com\/#website"},"primaryImageOfPage":{"@id":"https:\/\/quiropractica1.com\/politica-de-cookies\/#primaryimage"},"image":{"@id":"https:\/\/quiropractica1.com\/politica-de-cookies\/#primaryimage"},"thumbnailUrl":"https:\/\/quiropractica1.com\/wp-content\/uploads\/2026\/04\/fav-icon.webp","datePublished":"2026-04-21T06:12:35+00:00","dateModified":"2026-04-24T04:57:16+00:00","description":"Consulta la pol\u00edtica de cookies de Centre Chiropractic Dr. Marc Bony, DC. y conoce c\u00f3mo protegemos tu privacidad y manejamos los datos en nuestro sitio web.","breadcrumb":{"@id":"https:\/\/quiropractica1.com\/politica-de-cookies\/#breadcrumb"},"inLanguage":"en-US","potentialAction":[{"@type":"ReadAction","target":["https:\/\/quiropractica1.com\/politica-de-cookies\/"]}]},{"@type":"ImageObject","inLanguage":"en-US","@id":"https:\/\/quiropractica1.com\/politica-de-cookies\/#primaryimage","url":"https:\/\/quiropractica1.com\/wp-content\/uploads\/2026\/04\/fav-icon.webp","contentUrl":"https:\/\/quiropractica1.com\/wp-content\/uploads\/2026\/04\/fav-icon.webp","width":512,"height":512},{"@type":"BreadcrumbList","@id":"https:\/\/quiropractica1.com\/politica-de-cookies\/#breadcrumb","itemListElement":[{"@type":"ListItem","position":1,"name":"Portada","item":"https:\/\/quiropractica1.com\/"},{"@type":"ListItem","position":2,"name":"Pol\u00edtica de cookies"}]},{"@type":"WebSite","@id":"https:\/\/quiropractica1.com\/#website","url":"https:\/\/quiropractica1.com\/","name":"Centre Chiropractic Dr. Marc Bony, DC.","description":"Chiropractor in Matar\u00f3 - Dr. Marc Bony, DC.","publisher":{"@id":"https:\/\/quiropractica1.com\/#organization"},"potentialAction":[{"@type":"SearchAction","target":{"@type":"EntryPoint","urlTemplate":"https:\/\/quiropractica1.com\/?s={search_term_string}"},"query-input":{"@type":"PropertyValueSpecification","valueRequired":true,"valueName":"search_term_string"}}],"inLanguage":"en-US"},{"@type":"Organization","@id":"https:\/\/quiropractica1.com\/#organization","name":"Centre Chiropractic Dr. Marc Bony, DC.","url":"https:\/\/quiropractica1.com\/","logo":{"@type":"ImageObject","inLanguage":"en-US","@id":"https:\/\/quiropractica1.com\/#\/schema\/logo\/image\/","url":"https:\/\/quiropractica1.com\/wp-content\/uploads\/2025\/03\/fav-icon.webp","contentUrl":"https:\/\/quiropractica1.com\/wp-content\/uploads\/2025\/03\/fav-icon.webp","width":512,"height":512,"caption":"Centre Chiropractic Dr. Marc Bony, DC."},"image":{"@id":"https:\/\/quiropractica1.com\/#\/schema\/logo\/image\/"},"sameAs":["https:\/\/www.facebook.com\/chiropractic.dr.marcbony\/","https:\/\/www.instagram.com\/centrechiropractic\/","https:\/\/api.whatsapp.com\/send\/?phone=34695690085","https:\/\/www.youtube.com\/channel\/UC6SVcZglyyYxbqJgoBhDqoQ","https:\/\/www.tiktok.com\/@quiropracticmarcbony"]}]}},"_links":{"self":[{"href":"https:\/\/quiropractica1.com\/en\/wp-json\/wp\/v2\/pages\/992045","targetHints":{"allow":["GET"]}}],"collection":[{"href":"https:\/\/quiropractica1.com\/en\/wp-json\/wp\/v2\/pages"}],"about":[{"href":"https:\/\/quiropractica1.com\/en\/wp-json\/wp\/v2\/types\/page"}],"author":[{"embeddable":true,"href":"https:\/\/quiropractica1.com\/en\/wp-json\/wp\/v2\/users\/3"}],"replies":[{"embeddable":true,"href":"https:\/\/quiropractica1.com\/en\/wp-json\/wp\/v2\/comments?post=992045"}],"version-history":[{"count":0,"href":"https:\/\/quiropractica1.com\/en\/wp-json\/wp\/v2\/pages\/992045\/revisions"}],"wp:featuredmedia":[{"embeddable":true,"href":"https:\/\/quiropractica1.com\/en\/wp-json\/wp\/v2\/media\/994429"}],"wp:attachment":[{"href":"https:\/\/quiropractica1.com\/en\/wp-json\/wp\/v2\/media?parent=992045"}],"curies":[{"name":"wp","href":"https:\/\/api.w.org\/{rel}","templated":true}]}}